{"id":16,"date":"2020-03-25T14:31:16","date_gmt":"2020-03-25T14:31:16","guid":{"rendered":"http:\/\/heilmeditation-pfennig.de\/?page_id=16"},"modified":"2020-05-13T16:19:31","modified_gmt":"2020-05-13T16:19:31","slug":"datenschutz","status":"publish","type":"page","link":"http:\/\/heilmeditation-pfennig.de\/?page_id=16","title":{"rendered":"Datenschutz"},"content":{"rendered":"\n<h1 class=\"wp-block-heading\">Datenschutz<\/h1>\n\n\n\n<p><strong>Datenschutzerkl\u00e4rung<\/strong><\/p>\n\n\n\n<p><strong>Verantwortlich im Sinne der Datenschutzgesetzes:<\/strong><\/p>\n\n\n\n<p>Heilmeditation-Pfennig<\/p>\n\n\n\n<p>Stefanie Pfennig<br>Reherstr. 51<br>31860 Emmerthal-Kirchohsen<\/p>\n\n\n\n<p>Tel.:  0174-3863503<\/p>\n\n\n\n<p><strong>Erfassung von Daten:<\/strong><\/p>\n\n\n\n<p>W\u00e4hrend Sie auf unsere Webseiten zugreifen, erfassen wir automatisch Daten von allgemeiner Natur. Diese Daten (Server-Logfiles) umfassen zum Beispiel die Art ihres Browsers, ihr Betriebssystem, den Domainnamen Ihres Internetanbieters sowie weitere \u00e4hnliche allgemeine Daten. Diese Daten sind absolut Personen unabh\u00e4ngig und werden genutzt, um Ihnen die Webseiten korrekt darzustellen und werden bei jeder Nutzung des Internets abgerufen. Die absolut anonymen Daten werden statistisch ausgewertet um unseren Service f\u00fcr Sie zu verbessern.<\/p>\n\n\n\n<p><strong>Anmeldung auf unserer Webseite:<\/strong><\/p>\n\n\n\n<p>Bei der Anmeldung f\u00fcr spezifische Angebote erfragen wir einige pers\u00f6nliche Daten wie Name, Anschrift, Kontakt, Telefonnummer oder E-Mail-Adresse. Angemeldete Nutzer k\u00f6nnen auf bestimmte Zusatzleistungen zugreifen. Angemeldete Nutzer haben die M\u00f6glichkeit, alle angegebenen pers\u00f6nlichen Daten zu jedem Zeitpunkt zu \u00e4ndern oder l\u00f6schen zu lassen. Sie k\u00f6nnen auch jederzeit die von ihnen gespeicherten Daten bei uns erfragen. Soweit gesetzlich keine Frist f\u00fcr die Aufbewahrung der Daten besteht, k\u00f6nnen diese ge\u00e4ndert oder gel\u00f6scht werden. Bitte kontaktieren Sie uns dazu \u00fcber unsere Kontaktseite.<\/p>\n\n\n\n<p><strong>Blog kommentare:<\/strong><\/p>\n\n\n\n<p>Wenn Sie in unserem Blog Kommentare abgeben werden neben dem reinen Text auch Angaben zum Zeitpunkt der Erstellung sowie ihr Nutzername gespeichert. Auf diese Art garantieren wir die Sicherheit unseres Blog, rechtswiedrige Beitr\u00e4ge von Benutzern k\u00f6nnen nach verfolgt werden.<\/p>\n\n\n\n<p><strong>Newsletter:<\/strong><\/p>\n\n\n\n<p>Wenn Se sich f\u00fcr unseren Newsletter anmelden nutzen wir die Anmeldedaten ausschlie\u00dflich f\u00fcr den Newsletter-Dienst. Angemeldete Nutzer k\u00f6nnen von uns kontaktiert werden um \u00fcber \u00c4nderungen, Aktualisierungen oder andere relevante Informationen unterrichtet zu werden. Bei der Anmeldung muss eine g\u00fcltige E-Mail-Adresse angegeben werden. \u00dcber das sogenannte \u201edouble-opt-in\u201c Verfahren wird gepr\u00fcft, ob Anmelder und E-Mail \u00fcbereinstimmen. Sie haben das Recht, ihre Daten f\u00fcr den Newsletterdienst jederzeit l\u00f6schen zu lassen. In unseren Newslettern finden Sie einen Link zur Abmeldung. Au\u00dferdem k\u00f6nnen Sie sich auf der Webseite abmelden oder uns ihren Wunsch \u00fcber unsere Kontaktseite mitteilen.<\/p>\n\n\n\n<p><strong>Kontaktformular:<\/strong><\/p>\n\n\n\n<p>Wenn Sie uns \u00fcber unsere Kontaktseite kontaktieren oder uns eine E-Mail schicken werden die entsprechenden Daten zur Bearbeitung gespeichert.<\/p>\n\n\n\n<p><strong>L\u00f6schung oder Sperrung von Daten:<\/strong><\/p>\n\n\n\n<p>Ihre pers\u00f6nlichen Daten werden nur so lange gespeichert, wie dies absolut notwendig ist um die angegebenen Dienste zu leisten und es vom Gesetz vorgeschrieben ist. Nach Ablauf dieser Fristen werden die pers\u00f6nlichen Daten der Nutzer regelm\u00e4\u00dfig gesperrt oder gel\u00f6scht.<\/p>\n\n\n\n<p><strong>Social Plugins:<\/strong><\/p>\n\n\n\n<p>Wir verwenden auf unserer Webseiten Social Plugins der im Folgenden aufgelisteten Anbieter. Plugins sind mit dem entsprechenden Logo gekennzeichnet. Der Dienstbetreiber kann unter Umst\u00e4nden durch solche Plugins Informationen und personenbezogene Daten unserer Besucher erhalten. Eine von uns installierte 2-Klick-L\u00f6sung verhindert die nicht offensichtliche Erfassung und \u00dcbertragung von Daten an den Dienstanbieter. Nur wenn ein Social Plugin von Ihnen per Klick aktiviert wird, wird die Sammlung von Informationen und deren Versand an den Dienstanbieter ausgel\u00f6st. Welche Daten ein solches Plugin erfasst sobald es aktiviert wurde, und wie diese anschlie\u00dfend verwendet werden, liegt au\u00dferhalb unseres Einflusses. In einigen F\u00e4llen werden direkte Verbindungen zu den Diensten des jeweiligen Anbieters erstellt und die IP-Adresse und spezifische Nutzungs-Informationen k\u00f6nnen dabei erfasst und genutzt werden. Dienstanbieter k\u00f6nnen auch versuchen, Cookies auf ihrem Rechner zu speichern. Wie diese Cookies arbeiten erfahren Sie in den Datenschutzhinweisen des entsprechenden Anbieters. Von Facebook k\u00f6nnen Sie als Besucher identifiziert werden, sofern sie aktuell in ihrem Facebook Account angemeldet sind.<\/p>\n\n\n\n<p>Social-Media-Buttons der folgenden Unternehmen sind auf unserer Webseite eingebunden: Google Plus\/Google Inc. (1600 Amphitheatre Parkway \u2013 Mountain View \u2013 CA 94043 \u2013 USA)<\/p>\n\n\n\n<p><strong>Cookies:<\/strong><\/p>\n\n\n\n<p>Unsere Webseite verwendet ggf. \u201eCookies\u201c. Cookies sind Textdateien, die vom Server einer Webseite auf Ihren Rechner \u00fcbertragen werden. Bestimmte Daten wie IP-Adresse, Browser, Betriebssystem und Internet Verbindung werden dabei \u00fcbertragen. Cookies starten keine Programme und \u00fcbertragen keine Viren. Die durch Cookies gesammelte Informationen dienen dazu, Ihnen die Navigation zu erleichtern und die Anzeige unserer Webseiten zu optimieren. Daten, die von uns erfasst werden, werden niemals ohne Ihre Einwilligung an Daten an Dritte weitergegeben oder mit personenbezogenen Daten verkn\u00fcpft. Die Verwendung von Cookies kann \u00fcber Einstellungen in ihrem Browser verhindert werden. In den Erl\u00e4uterungen zu Ihrem Internetbrowsers finden Sie Informationen dar\u00fcber, wie man diese Einstellungen ver\u00e4ndern kann. Einzelne Funktionen unserer Website k\u00f6nnen unter Umst\u00e4nden nicht richtig funktionieren, wenn die Verwendung von Cookies desaktiviert ist.<\/p>\n\n\n\n<p><strong>Skalierbares Zentrales Messverfahren:<\/strong><\/p>\n\n\n\n<p>F\u00fcr die Sammlung statistischer Kennwerte \u00fcber die Nutzung unserer Dienste nutzen wir das \u201eSkalierbare Zentrale Messverfahren\u201c (SZM) der INFOnline GmbH http:\/\/www.infonline.de) Dieses Verfahren erhebt anonyme Messwerte. Die SZM- Reichweitenmessung verwendet zur Wiedererkennung von Computersystemen entweder einen Cookie mit der Kennung \u201eioam.de\u201c, \u201eivwbox.de\u201c, ein LocalStorage Objekt oder eine Signatur, die aus verschiedenen \u00fcbertragenen Informationen Ihres Web-Browsers erstellt wird. IP-Adressen werden in anonymisierter Form genutzt. Bei der Reichweitenmessung wird der Datenschutz stets ber\u00fccksichtigt. Diese ermittelt statistisch die Nutzungsintensit\u00e4t und die Zahl der Nutzer einer Website. Dabei werden einzelne Nutzer nicht erkannt, die Identit\u00e4t bleibt stets gesch\u00fctzt. Das System versendet keine Werbung. Web-Angebote, die zur Informationsgemeinschaft zur Feststellung der Verbreitung von<br>Werbetr\u00e4gern e.V. (IVW \u2013 http:\/\/www.ivw.eu) geh\u00f6ren oder an der Studie \u201einternet facts\u201c der Arbeitsgemeinschaft Online-Forschung e.V. (AGOF \u2013 www.agof.de) teilnehmen, werden die Nutzungsstatistiken monatlich von der AGOF und der Arbeitsgemeinschaft Media-Analyse e.V. (ag.ma \u2013 www.agma-mmc.de), sowie der IVW ver\u00f6ffentlicht und k\u00f6nnen unter http:\/\/www.agof.de, http:\/\/www.agma-mmc.de und http:\/\/www.ivw.eu eingesehen werdbeens,u che uns. die IVW \u00fcberpr\u00fcft das SZM-Verfahren regelm\u00e4\u00dfig im Hinblick auf eine regel- und datenschutzkonforme Nutzung, au\u00dferdem werden die Messdaten ver\u00f6ffentlicht. Die Website der INFOnline GmbH https:\/\/www.infonline.de), die Datenschutzwebsite der AGOF (http:\/\/www.agof.de\/datenschutz) und die Datenschutzwebsite der IVW (http:\/\/www.ivw.eu) bieten detaillierte Informationen zum SZM-Verfahren. Sollten Sie der Datenverarbeitung durch das SZM nicht entsprechen, k\u00f6nnen Sie dies unter den folgenden Links kundtun: http:\/\/optout.ioam.de und http:\/\/optout.ivwbox.de<\/p>\n\n\n\n<p><strong>Auskunft, Berichtigung, Sperre, L\u00f6schung und Widerspruch:<\/strong><\/p>\n\n\n\n<p>Sie k\u00f6nnen zu jedem Zeitpunkt Informationen \u00fcber Ihre bei uns gespeicherten Daten erbitten. Diese k\u00f6nnen auch berichtigt, gesperrt oder, sofern die vorgeschriebene Zeitr\u00e4ume der Datenspeicherung zur Gesch\u00e4ftsabwicklung abgelaufen sind, gel\u00f6scht werden. Unser Datenschutzmitarbeiter hilft Ihnen bei allen entsprechenden Fragen. Seine Kontaktdaten finden Sie weiter unten. Gesperrte Daten werden in einer speziellen Sperrdatei zu Kontrollzwecken verwahrt. Wenn die gesetzliche Archivierungsverpflichtung abgelaufen ist k\u00f6nnen Sie auch die L\u00f6schung der Daten verlangen. Innerhalb der Archivierungsverpflichtung k\u00f6nnen wir Ihre Daten auf Wunsch sperren. \u00c4nderungen oder Widerruf von Einwilligungen k\u00f6nnen durch eine Mitteilung an uns vorgenommen werden. Dies ist auch f\u00fcr zuk\u00fcnftige Aktionen m\u00f6glich.<\/p>\n\n\n\n<p><strong>\u00c4nderung der Datenschutzbestimmungen:<\/strong><\/p>\n\n\n\n<p>Unsere Datenschutzerkl\u00e4rung k\u00f6nnen in unregelm\u00e4\u00dfigen Abst\u00e4nden angepasst werden, damit sie den aktuellen rechtlichen Anforderungen entsprechen oder um \u00c4nderungen unserer Dienstleistungen umzusetzen, z. B. bei der Einf\u00fcgung neuer Angebote. F\u00fcr Ihren n\u00e4chsten Besuch gilt dann automatisch die neue Datenschutzerkl\u00e4rung.<\/p>\n\n\n\n<p><strong>Kontakt zum Datenschutzmitarbeiter:<\/strong><\/p>\n\n\n\n<p>F\u00fcr Fragen zum Datenschutz schicken Sie uns bitte eine Nachricht an: stefanie.monee@gmx.de  mit dem Betreff \u201eDatenschutz\u201c.<\/p>\n\n\n\n<p>Diese Widerrufsbelehrung Seite wurde bei datenschutzerkl\u00e4runggenerator.de erstellt.<\/p>\n\n\n\n<p><strong>Bearbeitungsstand: 01.05.2020 \/ Emmerthal-Hajen<\/strong><\/p>\n\n\n\n<p><\/p>\n","protected":false},"excerpt":{"rendered":"<p>Datenschutz Datenschutzerkl\u00e4rung Verantwortlich im Sinne der Datenschutzgesetzes: Heilmeditation-Pfennig Stefanie PfennigReherstr. 5131860 Emmerthal-Kirchohsen Tel.: 0174-3863503 Erfassung von Daten: W\u00e4hrend Sie auf unsere Webseiten zugreifen, erfassen wir automatisch Daten von allgemeiner Natur. Diese Daten (Server-Logfiles) umfassen zum Beispiel die Art ihres Browsers, ihr Betriebssystem, den Domainnamen Ihres Internetanbieters sowie weitere \u00e4hnliche allgemeine Daten. Diese Daten sind absolut &hellip; <\/p>\n<p class=\"link-more\"><a href=\"http:\/\/heilmeditation-pfennig.de\/?page_id=16\" class=\"more-link\"><span class=\"screen-reader-text\">\u201eDatenschutz\u201c <\/span>weiterlesen<\/a><\/p>\n","protected":false},"author":1,"featured_media":0,"parent":0,"menu_order":0,"comment_status":"closed","ping_status":"closed","template":"","meta":{"h5ap_radio_sources":[],"footnotes":""},"class_list":["post-16","page","type-page","status-publish","hentry"],"yoast_head":"<!-- This site is optimized with the Yoast SEO plugin v27.3 - https:\/\/yoast.com\/product\/yoast-seo-wordpress\/ -->\n<title>Datenschutz - Musikalische F\u00f6rderung<\/title>\n<meta name=\"robots\" content=\"index, follow, max-snippet:-1, max-image-preview:large, max-video-preview:-1\" \/>\n<link rel=\"canonical\" href=\"http:\/\/heilmeditation-pfennig.de\/?page_id=16\" \/>\n<meta property=\"og:locale\" content=\"de_DE\" \/>\n<meta property=\"og:type\" content=\"article\" \/>\n<meta property=\"og:title\" content=\"Datenschutz - Musikalische F\u00f6rderung\" \/>\n<meta property=\"og:description\" content=\"Datenschutz Datenschutzerkl\u00e4rung Verantwortlich im Sinne der Datenschutzgesetzes: Heilmeditation-Pfennig Stefanie PfennigReherstr. 5131860 Emmerthal-Kirchohsen Tel.: 0174-3863503 Erfassung von Daten: W\u00e4hrend Sie auf unsere Webseiten zugreifen, erfassen wir automatisch Daten von allgemeiner Natur. Diese Daten (Server-Logfiles) umfassen zum Beispiel die Art ihres Browsers, ihr Betriebssystem, den Domainnamen Ihres Internetanbieters sowie weitere \u00e4hnliche allgemeine Daten. Diese Daten sind absolut &hellip; \u201eDatenschutz\u201c weiterlesen\" \/>\n<meta property=\"og:url\" content=\"http:\/\/heilmeditation-pfennig.de\/?page_id=16\" \/>\n<meta property=\"og:site_name\" content=\"Musikalische F\u00f6rderung\" \/>\n<meta property=\"article:modified_time\" content=\"2020-05-13T16:19:31+00:00\" \/>\n<meta name=\"twitter:card\" content=\"summary_large_image\" \/>\n<meta name=\"twitter:label1\" content=\"Gesch\u00e4tzte Lesezeit\" \/>\n\t<meta name=\"twitter:data1\" content=\"6\u00a0Minuten\" \/>\n<script type=\"application\/ld+json\" class=\"yoast-schema-graph\">{\"@context\":\"https:\\\/\\\/schema.org\",\"@graph\":[{\"@type\":\"WebPage\",\"@id\":\"http:\\\/\\\/heilmeditation-pfennig.de\\\/?page_id=16\",\"url\":\"http:\\\/\\\/heilmeditation-pfennig.de\\\/?page_id=16\",\"name\":\"Datenschutz - Musikalische F\u00f6rderung\",\"isPartOf\":{\"@id\":\"http:\\\/\\\/heilmeditation-pfennig.de\\\/#website\"},\"datePublished\":\"2020-03-25T14:31:16+00:00\",\"dateModified\":\"2020-05-13T16:19:31+00:00\",\"breadcrumb\":{\"@id\":\"http:\\\/\\\/heilmeditation-pfennig.de\\\/?page_id=16#breadcrumb\"},\"inLanguage\":\"de\",\"potentialAction\":[{\"@type\":\"ReadAction\",\"target\":[\"http:\\\/\\\/heilmeditation-pfennig.de\\\/?page_id=16\"]}]},{\"@type\":\"BreadcrumbList\",\"@id\":\"http:\\\/\\\/heilmeditation-pfennig.de\\\/?page_id=16#breadcrumb\",\"itemListElement\":[{\"@type\":\"ListItem\",\"position\":1,\"name\":\"Startseite\",\"item\":\"http:\\\/\\\/heilmeditation-pfennig.de\\\/\"},{\"@type\":\"ListItem\",\"position\":2,\"name\":\"Datenschutz\"}]},{\"@type\":\"WebSite\",\"@id\":\"http:\\\/\\\/heilmeditation-pfennig.de\\\/#website\",\"url\":\"http:\\\/\\\/heilmeditation-pfennig.de\\\/\",\"name\":\"Musikalische F\u00f6rderung\",\"description\":\"www.Heilmeditation-Pfennig.de\",\"potentialAction\":[{\"@type\":\"SearchAction\",\"target\":{\"@type\":\"EntryPoint\",\"urlTemplate\":\"http:\\\/\\\/heilmeditation-pfennig.de\\\/?s={search_term_string}\"},\"query-input\":{\"@type\":\"PropertyValueSpecification\",\"valueRequired\":true,\"valueName\":\"search_term_string\"}}],\"inLanguage\":\"de\"}]}<\/script>\n<!-- \/ Yoast SEO plugin. -->","yoast_head_json":{"title":"Datenschutz - Musikalische F\u00f6rderung","robots":{"index":"index","follow":"follow","max-snippet":"max-snippet:-1","max-image-preview":"max-image-preview:large","max-video-preview":"max-video-preview:-1"},"canonical":"http:\/\/heilmeditation-pfennig.de\/?page_id=16","og_locale":"de_DE","og_type":"article","og_title":"Datenschutz - Musikalische F\u00f6rderung","og_description":"Datenschutz Datenschutzerkl\u00e4rung Verantwortlich im Sinne der Datenschutzgesetzes: Heilmeditation-Pfennig Stefanie PfennigReherstr. 5131860 Emmerthal-Kirchohsen Tel.: 0174-3863503 Erfassung von Daten: W\u00e4hrend Sie auf unsere Webseiten zugreifen, erfassen wir automatisch Daten von allgemeiner Natur. Diese Daten (Server-Logfiles) umfassen zum Beispiel die Art ihres Browsers, ihr Betriebssystem, den Domainnamen Ihres Internetanbieters sowie weitere \u00e4hnliche allgemeine Daten. Diese Daten sind absolut &hellip; \u201eDatenschutz\u201c weiterlesen","og_url":"http:\/\/heilmeditation-pfennig.de\/?page_id=16","og_site_name":"Musikalische F\u00f6rderung","article_modified_time":"2020-05-13T16:19:31+00:00","twitter_card":"summary_large_image","twitter_misc":{"Gesch\u00e4tzte Lesezeit":"6\u00a0Minuten"},"schema":{"@context":"https:\/\/schema.org","@graph":[{"@type":"WebPage","@id":"http:\/\/heilmeditation-pfennig.de\/?page_id=16","url":"http:\/\/heilmeditation-pfennig.de\/?page_id=16","name":"Datenschutz - Musikalische F\u00f6rderung","isPartOf":{"@id":"http:\/\/heilmeditation-pfennig.de\/#website"},"datePublished":"2020-03-25T14:31:16+00:00","dateModified":"2020-05-13T16:19:31+00:00","breadcrumb":{"@id":"http:\/\/heilmeditation-pfennig.de\/?page_id=16#breadcrumb"},"inLanguage":"de","potentialAction":[{"@type":"ReadAction","target":["http:\/\/heilmeditation-pfennig.de\/?page_id=16"]}]},{"@type":"BreadcrumbList","@id":"http:\/\/heilmeditation-pfennig.de\/?page_id=16#breadcrumb","itemListElement":[{"@type":"ListItem","position":1,"name":"Startseite","item":"http:\/\/heilmeditation-pfennig.de\/"},{"@type":"ListItem","position":2,"name":"Datenschutz"}]},{"@type":"WebSite","@id":"http:\/\/heilmeditation-pfennig.de\/#website","url":"http:\/\/heilmeditation-pfennig.de\/","name":"Musikalische F\u00f6rderung","description":"www.Heilmeditation-Pfennig.de","potentialAction":[{"@type":"SearchAction","target":{"@type":"EntryPoint","urlTemplate":"http:\/\/heilmeditation-pfennig.de\/?s={search_term_string}"},"query-input":{"@type":"PropertyValueSpecification","valueRequired":true,"valueName":"search_term_string"}}],"inLanguage":"de"}]}},"_links":{"self":[{"href":"http:\/\/heilmeditation-pfennig.de\/index.php?rest_route=\/wp\/v2\/pages\/16","targetHints":{"allow":["GET"]}}],"collection":[{"href":"http:\/\/heilmeditation-pfennig.de\/index.php?rest_route=\/wp\/v2\/pages"}],"about":[{"href":"http:\/\/heilmeditation-pfennig.de\/index.php?rest_route=\/wp\/v2\/types\/page"}],"author":[{"embeddable":true,"href":"http:\/\/heilmeditation-pfennig.de\/index.php?rest_route=\/wp\/v2\/users\/1"}],"replies":[{"embeddable":true,"href":"http:\/\/heilmeditation-pfennig.de\/index.php?rest_route=%2Fwp%2Fv2%2Fcomments&post=16"}],"version-history":[{"count":5,"href":"http:\/\/heilmeditation-pfennig.de\/index.php?rest_route=\/wp\/v2\/pages\/16\/revisions"}],"predecessor-version":[{"id":78,"href":"http:\/\/heilmeditation-pfennig.de\/index.php?rest_route=\/wp\/v2\/pages\/16\/revisions\/78"}],"wp:attachment":[{"href":"http:\/\/heilmeditation-pfennig.de\/index.php?rest_route=%2Fwp%2Fv2%2Fmedia&parent=16"}],"curies":[{"name":"wp","href":"https:\/\/api.w.org\/{rel}","templated":true}]}}