{"id":300,"date":"2026-04-05T14:53:58","date_gmt":"2026-04-05T14:53:58","guid":{"rendered":"http:\/\/heilmeditation-pfennig.de\/?page_id=300"},"modified":"2026-04-06T12:19:44","modified_gmt":"2026-04-06T12:19:44","slug":"meine-schwerpunkte","status":"publish","type":"page","link":"http:\/\/heilmeditation-pfennig.de\/?page_id=300","title":{"rendered":"Meine Schwerpunkte"},"content":{"rendered":"\n<p>Hallo,<\/p>\n\n\n\n<p>sch\u00f6n, dass Sie auf meine Webseite gefunden haben. Hier finden Sie einige Schwerpunkte meiner t\u00e4glichen Arbeit. Informieren Sie sich gerne hier auf meiner Webseite und bei Fragen sprechen Sie mich gerne jeder Zeit an.<\/p>\n\n\n\n<ul class=\"wp-block-list\">\n<li>Familienabl\u00f6sung (Meditation)<\/li>\n\n\n\n<li>Energieberatung + Behandlung<\/li>\n\n\n\n<li>Meditation (Atemtechnik)<\/li>\n\n\n\n<li>Blockaden l\u00f6sen \/ Gespr\u00e4che (Kinder + Jugendliche)<\/li>\n\n\n\n<li>Arbeit mit dem inneren Kind<\/li>\n\n\n\n<li>Glaubensans\u00e4tze und Muster ver\u00e4ndern durch Gespr\u00e4che und Abl\u00f6sungen mit Meditation<\/li>\n\n\n\n<li>Trauerbew\u00e4ltigung durch Therapie Gespr\u00e4che<\/li>\n\n\n\n<li>Orientierte L\u00f6sungsans\u00e4tze erarbeiten um Depressionen und \u00c4ngste zu bew\u00e4ltigen<\/li>\n\n\n\n<li>Eigenliebe und eigene Wertsch\u00e4tzungen wieder finden<\/li>\n<\/ul>\n\n\n\n<p><\/p>\n","protected":false},"excerpt":{"rendered":"<p>Hallo, sch\u00f6n, dass Sie auf meine Webseite gefunden haben. Hier finden Sie einige Schwerpunkte meiner t\u00e4glichen Arbeit. Informieren Sie sich gerne hier auf meiner Webseite und bei Fragen sprechen Sie mich gerne jeder Zeit an.<\/p>\n","protected":false},"author":2,"featured_media":0,"parent":0,"menu_order":0,"comment_status":"closed","ping_status":"closed","template":"","meta":{"h5ap_radio_sources":[],"footnotes":""},"class_list":["post-300","page","type-page","status-publish","hentry"],"yoast_head":"<!-- This site is optimized with the Yoast SEO plugin v27.3 - https:\/\/yoast.com\/product\/yoast-seo-wordpress\/ -->\n<title>Meine Schwerpunkte - Musikalische F\u00f6rderung<\/title>\n<meta name=\"robots\" content=\"index, follow, max-snippet:-1, max-image-preview:large, max-video-preview:-1\" \/>\n<link rel=\"canonical\" href=\"http:\/\/heilmeditation-pfennig.de\/?page_id=300\" \/>\n<meta property=\"og:locale\" content=\"de_DE\" \/>\n<meta property=\"og:type\" content=\"article\" \/>\n<meta property=\"og:title\" content=\"Meine Schwerpunkte - Musikalische F\u00f6rderung\" \/>\n<meta property=\"og:description\" content=\"Hallo, sch\u00f6n, dass Sie auf meine Webseite gefunden haben. Hier finden Sie einige Schwerpunkte meiner t\u00e4glichen Arbeit. Informieren Sie sich gerne hier auf meiner Webseite und bei Fragen sprechen Sie mich gerne jeder Zeit an.\" \/>\n<meta property=\"og:url\" content=\"http:\/\/heilmeditation-pfennig.de\/?page_id=300\" \/>\n<meta property=\"og:site_name\" content=\"Musikalische F\u00f6rderung\" \/>\n<meta property=\"article:modified_time\" content=\"2026-04-06T12:19:44+00:00\" \/>\n<meta name=\"twitter:card\" content=\"summary_large_image\" \/>\n<meta name=\"twitter:label1\" content=\"Gesch\u00e4tzte Lesezeit\" \/>\n\t<meta name=\"twitter:data1\" content=\"1\u00a0Minute\" \/>\n<script type=\"application\/ld+json\" class=\"yoast-schema-graph\">{\"@context\":\"https:\\\/\\\/schema.org\",\"@graph\":[{\"@type\":\"WebPage\",\"@id\":\"http:\\\/\\\/heilmeditation-pfennig.de\\\/?page_id=300\",\"url\":\"http:\\\/\\\/heilmeditation-pfennig.de\\\/?page_id=300\",\"name\":\"Meine Schwerpunkte - Musikalische F\u00f6rderung\",\"isPartOf\":{\"@id\":\"http:\\\/\\\/heilmeditation-pfennig.de\\\/#website\"},\"datePublished\":\"2026-04-05T14:53:58+00:00\",\"dateModified\":\"2026-04-06T12:19:44+00:00\",\"breadcrumb\":{\"@id\":\"http:\\\/\\\/heilmeditation-pfennig.de\\\/?page_id=300#breadcrumb\"},\"inLanguage\":\"de\",\"potentialAction\":[{\"@type\":\"ReadAction\",\"target\":[\"http:\\\/\\\/heilmeditation-pfennig.de\\\/?page_id=300\"]}]},{\"@type\":\"BreadcrumbList\",\"@id\":\"http:\\\/\\\/heilmeditation-pfennig.de\\\/?page_id=300#breadcrumb\",\"itemListElement\":[{\"@type\":\"ListItem\",\"position\":1,\"name\":\"Startseite\",\"item\":\"http:\\\/\\\/heilmeditation-pfennig.de\\\/\"},{\"@type\":\"ListItem\",\"position\":2,\"name\":\"Meine Schwerpunkte\"}]},{\"@type\":\"WebSite\",\"@id\":\"http:\\\/\\\/heilmeditation-pfennig.de\\\/#website\",\"url\":\"http:\\\/\\\/heilmeditation-pfennig.de\\\/\",\"name\":\"Musikalische F\u00f6rderung\",\"description\":\"www.Heilmeditation-Pfennig.de\",\"potentialAction\":[{\"@type\":\"SearchAction\",\"target\":{\"@type\":\"EntryPoint\",\"urlTemplate\":\"http:\\\/\\\/heilmeditation-pfennig.de\\\/?s={search_term_string}\"},\"query-input\":{\"@type\":\"PropertyValueSpecification\",\"valueRequired\":true,\"valueName\":\"search_term_string\"}}],\"inLanguage\":\"de\"}]}<\/script>\n<!-- \/ Yoast SEO plugin. -->","yoast_head_json":{"title":"Meine Schwerpunkte - Musikalische F\u00f6rderung","robots":{"index":"index","follow":"follow","max-snippet":"max-snippet:-1","max-image-preview":"max-image-preview:large","max-video-preview":"max-video-preview:-1"},"canonical":"http:\/\/heilmeditation-pfennig.de\/?page_id=300","og_locale":"de_DE","og_type":"article","og_title":"Meine Schwerpunkte - Musikalische F\u00f6rderung","og_description":"Hallo, sch\u00f6n, dass Sie auf meine Webseite gefunden haben. Hier finden Sie einige Schwerpunkte meiner t\u00e4glichen Arbeit. Informieren Sie sich gerne hier auf meiner Webseite und bei Fragen sprechen Sie mich gerne jeder Zeit an.","og_url":"http:\/\/heilmeditation-pfennig.de\/?page_id=300","og_site_name":"Musikalische F\u00f6rderung","article_modified_time":"2026-04-06T12:19:44+00:00","twitter_card":"summary_large_image","twitter_misc":{"Gesch\u00e4tzte Lesezeit":"1\u00a0Minute"},"schema":{"@context":"https:\/\/schema.org","@graph":[{"@type":"WebPage","@id":"http:\/\/heilmeditation-pfennig.de\/?page_id=300","url":"http:\/\/heilmeditation-pfennig.de\/?page_id=300","name":"Meine Schwerpunkte - Musikalische F\u00f6rderung","isPartOf":{"@id":"http:\/\/heilmeditation-pfennig.de\/#website"},"datePublished":"2026-04-05T14:53:58+00:00","dateModified":"2026-04-06T12:19:44+00:00","breadcrumb":{"@id":"http:\/\/heilmeditation-pfennig.de\/?page_id=300#breadcrumb"},"inLanguage":"de","potentialAction":[{"@type":"ReadAction","target":["http:\/\/heilmeditation-pfennig.de\/?page_id=300"]}]},{"@type":"BreadcrumbList","@id":"http:\/\/heilmeditation-pfennig.de\/?page_id=300#breadcrumb","itemListElement":[{"@type":"ListItem","position":1,"name":"Startseite","item":"http:\/\/heilmeditation-pfennig.de\/"},{"@type":"ListItem","position":2,"name":"Meine Schwerpunkte"}]},{"@type":"WebSite","@id":"http:\/\/heilmeditation-pfennig.de\/#website","url":"http:\/\/heilmeditation-pfennig.de\/","name":"Musikalische F\u00f6rderung","description":"www.Heilmeditation-Pfennig.de","potentialAction":[{"@type":"SearchAction","target":{"@type":"EntryPoint","urlTemplate":"http:\/\/heilmeditation-pfennig.de\/?s={search_term_string}"},"query-input":{"@type":"PropertyValueSpecification","valueRequired":true,"valueName":"search_term_string"}}],"inLanguage":"de"}]}},"_links":{"self":[{"href":"http:\/\/heilmeditation-pfennig.de\/index.php?rest_route=\/wp\/v2\/pages\/300","targetHints":{"allow":["GET"]}}],"collection":[{"href":"http:\/\/heilmeditation-pfennig.de\/index.php?rest_route=\/wp\/v2\/pages"}],"about":[{"href":"http:\/\/heilmeditation-pfennig.de\/index.php?rest_route=\/wp\/v2\/types\/page"}],"author":[{"embeddable":true,"href":"http:\/\/heilmeditation-pfennig.de\/index.php?rest_route=\/wp\/v2\/users\/2"}],"replies":[{"embeddable":true,"href":"http:\/\/heilmeditation-pfennig.de\/index.php?rest_route=%2Fwp%2Fv2%2Fcomments&post=300"}],"version-history":[{"count":3,"href":"http:\/\/heilmeditation-pfennig.de\/index.php?rest_route=\/wp\/v2\/pages\/300\/revisions"}],"predecessor-version":[{"id":322,"href":"http:\/\/heilmeditation-pfennig.de\/index.php?rest_route=\/wp\/v2\/pages\/300\/revisions\/322"}],"wp:attachment":[{"href":"http:\/\/heilmeditation-pfennig.de\/index.php?rest_route=%2Fwp%2Fv2%2Fmedia&parent=300"}],"curies":[{"name":"wp","href":"https:\/\/api.w.org\/{rel}","templated":true}]}}